{"id":27,"date":"2021-12-14T14:00:53","date_gmt":"2021-12-14T13:00:53","guid":{"rendered":"http:\/\/zastrzegam.demo.lcbox.pl\/?page_id=27"},"modified":"2024-01-08T11:09:31","modified_gmt":"2024-01-08T10:09:31","slug":"uczestnicy","status":"publish","type":"page","link":"http:\/\/zastrzegam.pl\/uk\/uczestnicy\/","title":{"rendered":"\u0423\u0447\u0430\u0441\u043d\u0438\u043a\u0438"},"content":{"rendered":"<div data-elementor-type=\"wp-page\" data-elementor-id=\"27\" class=\"elementor elementor-27\">\n\t\t\t\t\t\t<section class=\"has_ma_el_bg_slider elementor-section elementor-top-section elementor-element elementor-element-efd8969 elementor-section-content-middle elementor-section-stretched elementor-section-boxed elementor-section-height-default elementor-section-height-default jltma-glass-effect-no\" data-id=\"efd8969\" data-element_type=\"section\" data-settings=\"{&quot;background_background&quot;:&quot;classic&quot;,&quot;stretch_section&quot;:&quot;section-stretched&quot;}\">\n\t\t\t\t\t\t<div class=\"elementor-container elementor-column-gap-default\">\n\t\t\t\t\t<div class=\"has_ma_el_bg_slider elementor-column elementor-col-50 elementor-top-column elementor-element elementor-element-ee040cb jltma-glass-effect-no\" data-id=\"ee040cb\" data-element_type=\"column\">\n\t\t\t<div class=\"elementor-widget-wrap elementor-element-populated\">\n\t\t\t\t\t\t<div class=\"elementor-element elementor-element-0699c00 jltma-glass-effect-no elementor-widget elementor-widget-image\" data-id=\"0699c00\" data-element_type=\"widget\" data-widget_type=\"image.default\">\n\t\t\t\t<div class=\"elementor-widget-container\">\n\t\t\t<style>\/*! elementor - v3.22.0 - 26-06-2024 *\/\n.elementor-widget-image{text-align:center}.elementor-widget-image a{display:inline-block}.elementor-widget-image a img[src$=\".svg\"]{width:48px}.elementor-widget-image img{vertical-align:middle;display:inline-block}<\/style>\t\t\t\t\t\t\t\t\t\t<img decoding=\"async\" width=\"135\" height=\"132\" src=\"http:\/\/zastrzegam.pl\/wp-content\/uploads\/2021\/12\/circle.png\" class=\"attachment-large size-large wp-image-330\" alt=\"\" \/>\t\t\t\t\t\t\t\t\t\t\t\t\t<\/div>\n\t\t\t\t<\/div>\n\t\t\t\t\t<\/div>\n\t\t<\/div>\n\t\t\t\t<div class=\"has_ma_el_bg_slider elementor-column elementor-col-50 elementor-top-column elementor-element elementor-element-25ec0d9 jltma-glass-effect-no\" data-id=\"25ec0d9\" data-element_type=\"column\">\n\t\t\t<div class=\"elementor-widget-wrap elementor-element-populated\">\n\t\t\t\t\t\t<div class=\"elementor-element elementor-element-d8acbbf jltma-glass-effect-no elementor-widget elementor-widget-heading\" data-id=\"d8acbbf\" data-element_type=\"widget\" data-widget_type=\"heading.default\">\n\t\t\t\t<div class=\"elementor-widget-container\">\n\t\t\t<style>\/*! elementor - v3.22.0 - 26-06-2024 *\/\n.elementor-heading-title{padding:0;margin:0;line-height:1}.elementor-widget-heading .elementor-heading-title[class*=elementor-size-]>a{color:inherit;font-size:inherit;line-height:inherit}.elementor-widget-heading .elementor-heading-title.elementor-size-small{font-size:15px}.elementor-widget-heading .elementor-heading-title.elementor-size-medium{font-size:19px}.elementor-widget-heading .elementor-heading-title.elementor-size-large{font-size:29px}.elementor-widget-heading .elementor-heading-title.elementor-size-xl{font-size:39px}.elementor-widget-heading .elementor-heading-title.elementor-size-xxl{font-size:59px}<\/style><h1 class=\"elementor-heading-title elementor-size-default\">\u0423\u0447\u0430\u0441\u043d\u0438\u043a\u0438 \u0441\u0438\u0441\u0442\u0435\u043c\u0438 \u0431\u043b\u043e\u043a\u0443\u0432\u0430\u043d\u043d\u044f \u043a\u0430\u0440\u0442\u043e\u043a<\/h1>\t\t<\/div>\n\t\t\t\t<\/div>\n\t\t\t\t<div class=\"elementor-element elementor-element-84d6b37 jltma-glass-effect-no elementor-widget elementor-widget-heading\" data-id=\"84d6b37\" data-element_type=\"widget\" data-widget_type=\"heading.default\">\n\t\t\t\t<div class=\"elementor-widget-container\">\n\t\t\t<p class=\"elementor-heading-title elementor-size-default\">\u0423\u0447\u0430\u0441\u043d\u0438\u043a\u0430\u043c\u0438 \u0421\u0438\u0441\u0442\u0435\u043c\u0438 \u0454 \u043d\u0430\u0441\u0442\u0443\u043f\u043d\u0456 \u0431\u0430\u043d\u043a\u0438, \u0430 \u0442\u0430\u043a\u043e\u0436 \u0432\u0456\u0434\u0434\u0456\u043b\u0435\u043d\u043d\u044f \u043a\u0440\u0435\u0434\u0438\u0442\u043d\u0438\u0445 \u0443\u0441\u0442\u0430\u043d\u043e\u0432.\n<\/p>\t\t<\/div>\n\t\t\t\t<\/div>\n\t\t\t\t\t<\/div>\n\t\t<\/div>\n\t\t\t\t\t<\/div>\n\t\t<\/section>\n\t\t\t\t<section class=\"has_ma_el_bg_slider elementor-section elementor-top-section elementor-element elementor-element-2ffce60 elementor-section-content-middle participants elementor-section-boxed elementor-section-height-default elementor-section-height-default jltma-glass-effect-no\" data-id=\"2ffce60\" data-element_type=\"section\">\n\t\t\t\t\t\t<div class=\"elementor-container elementor-column-gap-default\">\n\t\t\t\t\t<div class=\"has_ma_el_bg_slider elementor-column elementor-col-10 elementor-top-column elementor-element elementor-element-4e97174 jltma-glass-effect-no\" data-id=\"4e97174\" data-element_type=\"column\">\n\t\t\t<div class=\"elementor-widget-wrap elementor-element-populated\">\n\t\t\t\t\t\t<div class=\"elementor-element elementor-element-1c28331 jltma-glass-effect-no elementor-widget elementor-widget-image\" data-id=\"1c28331\" data-element_type=\"widget\" data-widget_type=\"image.default\">\n\t\t\t\t<div class=\"elementor-widget-container\">\n\t\t\t\t\t\t\t\t\t\t\t\t\t\t<a href=\"https:\/\/www.bankmillennium.pl\/\" target=\"_blank\" rel=\"nofollow\">\n\t\t\t\t\t\t\t<img decoding=\"async\" width=\"123\" height=\"28\" src=\"http:\/\/zastrzegam.pl\/wp-content\/uploads\/2021\/12\/millenium.png\" class=\"elementor-animation-grow attachment-large size-large wp-image-336\" alt=\"\" \/>\t\t\t\t\t\t\t\t<\/a>\n\t\t\t\t\t\t\t\t\t\t\t\t\t<\/div>\n\t\t\t\t<\/div>\n\t\t\t\t\t<\/div>\n\t\t<\/div>\n\t\t\t\t<div class=\"has_ma_el_bg_slider elementor-column elementor-col-10 elementor-top-column elementor-element elementor-element-302aeaf jltma-glass-effect-no\" data-id=\"302aeaf\" data-element_type=\"column\">\n\t\t\t<div class=\"elementor-widget-wrap elementor-element-populated\">\n\t\t\t\t\t\t<div class=\"elementor-element elementor-element-55bd096 jltma-glass-effect-no elementor-widget elementor-widget-image\" data-id=\"55bd096\" data-element_type=\"widget\" data-widget_type=\"image.default\">\n\t\t\t\t<div class=\"elementor-widget-container\">\n\t\t\t\t\t\t\t\t\t\t\t\t\t\t<a href=\"https:\/\/www.bnpparibas.pl\/\" target=\"_blank\" rel=\"nofollow\">\n\t\t\t\t\t\t\t<img decoding=\"async\" width=\"120\" height=\"27\" src=\"http:\/\/zastrzegam.pl\/wp-content\/uploads\/2021\/12\/bnp-paribas.png\" class=\"elementor-animation-grow attachment-large size-large wp-image-333\" alt=\"\" \/>\t\t\t\t\t\t\t\t<\/a>\n\t\t\t\t\t\t\t\t\t\t\t\t\t<\/div>\n\t\t\t\t<\/div>\n\t\t\t\t\t<\/div>\n\t\t<\/div>\n\t\t\t\t<div class=\"has_ma_el_bg_slider elementor-column elementor-col-10 elementor-top-column elementor-element elementor-element-ace6ebc jltma-glass-effect-no\" data-id=\"ace6ebc\" data-element_type=\"column\">\n\t\t\t<div class=\"elementor-widget-wrap elementor-element-populated\">\n\t\t\t\t\t\t<div class=\"elementor-element elementor-element-1569611 jltma-glass-effect-no elementor-widget elementor-widget-image\" data-id=\"1569611\" data-element_type=\"widget\" data-widget_type=\"image.default\">\n\t\t\t\t<div class=\"elementor-widget-container\">\n\t\t\t\t\t\t\t\t\t\t\t\t\t\t<a href=\"https:\/\/www.bosbank.pl\/klient-indywidualny\" target=\"_blank\" rel=\"nofollow\">\n\t\t\t\t\t\t\t<img loading=\"lazy\" decoding=\"async\" width=\"59\" height=\"40\" src=\"http:\/\/zastrzegam.pl\/wp-content\/uploads\/2021\/12\/bos.bank_.01.59x40.png\" class=\"elementor-animation-grow attachment-large size-large wp-image-334\" alt=\"\" \/>\t\t\t\t\t\t\t\t<\/a>\n\t\t\t\t\t\t\t\t\t\t\t\t\t<\/div>\n\t\t\t\t<\/div>\n\t\t\t\t\t<\/div>\n\t\t<\/div>\n\t\t\t\t<div class=\"has_ma_el_bg_slider elementor-column elementor-col-10 elementor-top-column elementor-element elementor-element-d5e72f8 jltma-glass-effect-no\" data-id=\"d5e72f8\" data-element_type=\"column\">\n\t\t\t<div class=\"elementor-widget-wrap elementor-element-populated\">\n\t\t\t\t\t\t<div class=\"elementor-element elementor-element-64c289f jltma-glass-effect-no elementor-widget elementor-widget-image\" data-id=\"64c289f\" data-element_type=\"widget\" data-widget_type=\"image.default\">\n\t\t\t\t<div class=\"elementor-widget-container\">\n\t\t\t\t\t\t\t\t\t\t\t\t\t\t<a href=\"https:\/\/www.citibank.pl\/\" target=\"_blank\" rel=\"nofollow\">\n\t\t\t\t\t\t\t<img loading=\"lazy\" decoding=\"async\" width=\"131\" height=\"30\" src=\"http:\/\/zastrzegam.pl\/wp-content\/uploads\/2021\/12\/citi-handlowy.png\" class=\"elementor-animation-grow attachment-large size-large wp-image-335\" alt=\"\" \/>\t\t\t\t\t\t\t\t<\/a>\n\t\t\t\t\t\t\t\t\t\t\t\t\t<\/div>\n\t\t\t\t<\/div>\n\t\t\t\t\t<\/div>\n\t\t<\/div>\n\t\t\t\t<div class=\"has_ma_el_bg_slider elementor-column elementor-col-10 elementor-top-column elementor-element elementor-element-37be215 jltma-glass-effect-no\" data-id=\"37be215\" data-element_type=\"column\">\n\t\t\t<div class=\"elementor-widget-wrap elementor-element-populated\">\n\t\t\t\t\t\t<div class=\"elementor-element elementor-element-391a864 jltma-glass-effect-no elementor-widget elementor-widget-image\" data-id=\"391a864\" data-element_type=\"widget\" data-widget_type=\"image.default\">\n\t\t\t\t<div class=\"elementor-widget-container\">\n\t\t\t\t\t\t\t\t\t\t\t\t\t\t<a href=\"https:\/\/www.credit-agricole.pl\/klienci-indywidualni\" target=\"_blank\" rel=\"nofollow\">\n\t\t\t\t\t\t\t<img loading=\"lazy\" decoding=\"async\" width=\"112\" height=\"44\" src=\"http:\/\/zastrzegam.pl\/wp-content\/uploads\/2021\/12\/credit-agricole.png\" class=\"elementor-animation-grow attachment-large size-large wp-image-338\" alt=\"\" \/>\t\t\t\t\t\t\t\t<\/a>\n\t\t\t\t\t\t\t\t\t\t\t\t\t<\/div>\n\t\t\t\t<\/div>\n\t\t\t\t\t<\/div>\n\t\t<\/div>\n\t\t\t\t<div class=\"has_ma_el_bg_slider elementor-column elementor-col-10 elementor-top-column elementor-element elementor-element-ef19764 jltma-glass-effect-no\" data-id=\"ef19764\" data-element_type=\"column\">\n\t\t\t<div class=\"elementor-widget-wrap elementor-element-populated\">\n\t\t\t\t\t\t<div class=\"elementor-element elementor-element-78d2c99 jltma-glass-effect-no elementor-widget elementor-widget-image\" data-id=\"78d2c99\" data-element_type=\"widget\" data-widget_type=\"image.default\">\n\t\t\t\t<div class=\"elementor-widget-container\">\n\t\t\t\t\t\t\t\t\t\t\t\t\t\t<a href=\"https:\/\/www.dnb.pl\/pl\/\" target=\"_blank\" rel=\"nofollow\">\n\t\t\t\t\t\t\t<img loading=\"lazy\" decoding=\"async\" width=\"69\" height=\"36\" src=\"http:\/\/zastrzegam.pl\/wp-content\/uploads\/2021\/12\/dnb.png\" class=\"elementor-animation-grow attachment-large size-large wp-image-339\" alt=\"\" \/>\t\t\t\t\t\t\t\t<\/a>\n\t\t\t\t\t\t\t\t\t\t\t\t\t<\/div>\n\t\t\t\t<\/div>\n\t\t\t\t\t<\/div>\n\t\t<\/div>\n\t\t\t\t<div class=\"has_ma_el_bg_slider elementor-column elementor-col-10 elementor-top-column elementor-element elementor-element-656225e jltma-glass-effect-no\" data-id=\"656225e\" data-element_type=\"column\">\n\t\t\t<div class=\"elementor-widget-wrap elementor-element-populated\">\n\t\t\t\t\t\t<div class=\"elementor-element elementor-element-92b4791 jltma-glass-effect-no elementor-widget elementor-widget-image\" data-id=\"92b4791\" data-element_type=\"widget\" data-widget_type=\"image.default\">\n\t\t\t\t<div class=\"elementor-widget-container\">\n\t\t\t\t\t\t\t\t\t\t\t\t\t\t<a href=\"https:\/\/www.getinbank.pl\/\" target=\"_blank\" rel=\"nofollow\">\n\t\t\t\t\t\t\t<img loading=\"lazy\" decoding=\"async\" width=\"111\" height=\"30\" src=\"http:\/\/zastrzegam.pl\/wp-content\/uploads\/2021\/12\/getin.bank_.01.x30.png\" class=\"elementor-animation-grow attachment-large size-large wp-image-340\" alt=\"\" \/>\t\t\t\t\t\t\t\t<\/a>\n\t\t\t\t\t\t\t\t\t\t\t\t\t<\/div>\n\t\t\t\t<\/div>\n\t\t\t\t\t<\/div>\n\t\t<\/div>\n\t\t\t\t<div class=\"has_ma_el_bg_slider elementor-column elementor-col-10 elementor-top-column elementor-element elementor-element-4be97be jltma-glass-effect-no\" data-id=\"4be97be\" data-element_type=\"column\">\n\t\t\t<div class=\"elementor-widget-wrap elementor-element-populated\">\n\t\t\t\t\t\t<div class=\"elementor-element elementor-element-594852f jltma-glass-effect-no elementor-widget elementor-widget-image\" data-id=\"594852f\" data-element_type=\"widget\" data-widget_type=\"image.default\">\n\t\t\t\t<div class=\"elementor-widget-container\">\n\t\t\t\t\t\t\t\t\t\t\t\t\t\t<a href=\"https:\/\/www.bankbps.pl\/\" target=\"_blank\" rel=\"nofollow\">\n\t\t\t\t\t\t\t<img loading=\"lazy\" decoding=\"async\" width=\"133\" height=\"43\" src=\"http:\/\/zastrzegam.pl\/wp-content\/uploads\/2021\/12\/bps.png\" class=\"elementor-animation-grow attachment-large size-large wp-image-337\" alt=\"\" \/>\t\t\t\t\t\t\t\t<\/a>\n\t\t\t\t\t\t\t\t\t\t\t\t\t<\/div>\n\t\t\t\t<\/div>\n\t\t\t\t\t<\/div>\n\t\t<\/div>\n\t\t\t\t<div class=\"has_ma_el_bg_slider elementor-column elementor-col-10 elementor-top-column elementor-element elementor-element-471f40a jltma-glass-effect-no\" data-id=\"471f40a\" data-element_type=\"column\">\n\t\t\t<div class=\"elementor-widget-wrap elementor-element-populated\">\n\t\t\t\t\t\t<div class=\"elementor-element elementor-element-967c4b1 jltma-glass-effect-no elementor-widget elementor-widget-image\" data-id=\"967c4b1\" data-element_type=\"widget\" data-widget_type=\"image.default\">\n\t\t\t\t<div class=\"elementor-widget-container\">\n\t\t\t\t\t\t\t\t\t\t\t\t\t\t<a href=\"https:\/\/www.ing.pl\/\" target=\"_blank\" rel=\"nofollow\">\n\t\t\t\t\t\t\t<img loading=\"lazy\" decoding=\"async\" width=\"133\" height=\"33\" src=\"http:\/\/zastrzegam.pl\/wp-content\/uploads\/2021\/12\/ing.png\" class=\"elementor-animation-grow attachment-large size-large wp-image-341\" alt=\"\" \/>\t\t\t\t\t\t\t\t<\/a>\n\t\t\t\t\t\t\t\t\t\t\t\t\t<\/div>\n\t\t\t\t<\/div>\n\t\t\t\t\t<\/div>\n\t\t<\/div>\n\t\t\t\t<div class=\"has_ma_el_bg_slider elementor-column elementor-col-10 elementor-top-column elementor-element elementor-element-51ce970 jltma-glass-effect-no\" data-id=\"51ce970\" data-element_type=\"column\">\n\t\t\t<div class=\"elementor-widget-wrap elementor-element-populated\">\n\t\t\t\t\t\t<div class=\"elementor-element elementor-element-f570786 jltma-glass-effect-no elementor-widget elementor-widget-image\" data-id=\"f570786\" data-element_type=\"widget\" data-widget_type=\"image.default\">\n\t\t\t\t<div class=\"elementor-widget-container\">\n\t\t\t\t\t\t\t\t\t\t\t\t\t\t<a href=\"https:\/\/inteligo.pl\/\" target=\"_blank\" rel=\"nofollow\">\n\t\t\t\t\t\t\t<img loading=\"lazy\" decoding=\"async\" width=\"110\" height=\"35\" src=\"http:\/\/zastrzegam.pl\/wp-content\/uploads\/2021\/12\/inteligo.png\" class=\"elementor-animation-grow attachment-large size-large wp-image-349\" alt=\"\" \/>\t\t\t\t\t\t\t\t<\/a>\n\t\t\t\t\t\t\t\t\t\t\t\t\t<\/div>\n\t\t\t\t<\/div>\n\t\t\t\t\t<\/div>\n\t\t<\/div>\n\t\t\t\t\t<\/div>\n\t\t<\/section>\n\t\t\t\t<section class=\"has_ma_el_bg_slider elementor-section elementor-top-section elementor-element elementor-element-a68a42f elementor-section-content-middle participants elementor-section-boxed elementor-section-height-default elementor-section-height-default jltma-glass-effect-no\" data-id=\"a68a42f\" data-element_type=\"section\">\n\t\t\t\t\t\t<div class=\"elementor-container elementor-column-gap-default\">\n\t\t\t\t\t<div class=\"has_ma_el_bg_slider elementor-column elementor-col-12 elementor-top-column elementor-element elementor-element-ab87634 jltma-glass-effect-no\" data-id=\"ab87634\" data-element_type=\"column\">\n\t\t\t<div class=\"elementor-widget-wrap elementor-element-populated\">\n\t\t\t\t\t\t<div class=\"elementor-element elementor-element-90d4693 jltma-glass-effect-no elementor-widget elementor-widget-image\" data-id=\"90d4693\" data-element_type=\"widget\" data-widget_type=\"image.default\">\n\t\t\t\t<div class=\"elementor-widget-container\">\n\t\t\t\t\t\t\t\t\t\t\t\t\t\t<a href=\"https:\/\/www.bank-nowy.pl\/\" target=\"_blank\" rel=\"nofollow\">\n\t\t\t\t\t\t\t<img loading=\"lazy\" decoding=\"async\" width=\"76\" height=\"35\" src=\"http:\/\/zastrzegam.pl\/wp-content\/uploads\/2021\/12\/bank-bfg-sm.png\" class=\"elementor-animation-grow attachment-large size-large wp-image-348\" alt=\"\" \/>\t\t\t\t\t\t\t\t<\/a>\n\t\t\t\t\t\t\t\t\t\t\t\t\t<\/div>\n\t\t\t\t<\/div>\n\t\t\t\t\t<\/div>\n\t\t<\/div>\n\t\t\t\t<div class=\"has_ma_el_bg_slider elementor-column elementor-col-12 elementor-top-column elementor-element elementor-element-589c78c jltma-glass-effect-no\" data-id=\"589c78c\" data-element_type=\"column\">\n\t\t\t<div class=\"elementor-widget-wrap elementor-element-populated\">\n\t\t\t\t\t\t<div class=\"elementor-element elementor-element-eae9a84 jltma-glass-effect-no elementor-widget elementor-widget-image\" data-id=\"eae9a84\" data-element_type=\"widget\" data-widget_type=\"image.default\">\n\t\t\t\t<div class=\"elementor-widget-container\">\n\t\t\t\t\t\t\t\t\t\t\t\t\t\t<a href=\"https:\/\/www.pekao.com.pl\/\" target=\"_blank\" rel=\"nofollow\">\n\t\t\t\t\t\t\t<img loading=\"lazy\" decoding=\"async\" width=\"139\" height=\"45\" src=\"http:\/\/zastrzegam.pl\/wp-content\/uploads\/2021\/12\/pekao.png\" class=\"elementor-animation-grow attachment-large size-large wp-image-347\" alt=\"\" \/>\t\t\t\t\t\t\t\t<\/a>\n\t\t\t\t\t\t\t\t\t\t\t\t\t<\/div>\n\t\t\t\t<\/div>\n\t\t\t\t\t<\/div>\n\t\t<\/div>\n\t\t\t\t<div class=\"has_ma_el_bg_slider elementor-column elementor-col-12 elementor-top-column elementor-element elementor-element-fe0dae9 jltma-glass-effect-no\" data-id=\"fe0dae9\" data-element_type=\"column\">\n\t\t\t<div class=\"elementor-widget-wrap elementor-element-populated\">\n\t\t\t\t\t\t<div class=\"elementor-element elementor-element-fb3a67d jltma-glass-effect-no elementor-widget elementor-widget-image\" data-id=\"fb3a67d\" data-element_type=\"widget\" data-widget_type=\"image.default\">\n\t\t\t\t<div class=\"elementor-widget-container\">\n\t\t\t\t\t\t\t\t\t\t\t\t\t\t<a href=\"https:\/\/www.pkobp.pl\/\" target=\"_blank\" rel=\"nofollow\">\n\t\t\t\t\t\t\t<img loading=\"lazy\" decoding=\"async\" width=\"90\" height=\"35\" src=\"http:\/\/zastrzegam.pl\/wp-content\/uploads\/2021\/12\/pko.png\" class=\"elementor-animation-grow attachment-large size-large wp-image-346\" alt=\"\" \/>\t\t\t\t\t\t\t\t<\/a>\n\t\t\t\t\t\t\t\t\t\t\t\t\t<\/div>\n\t\t\t\t<\/div>\n\t\t\t\t\t<\/div>\n\t\t<\/div>\n\t\t\t\t<div class=\"has_ma_el_bg_slider elementor-column elementor-col-12 elementor-top-column elementor-element elementor-element-efed33d jltma-glass-effect-no\" data-id=\"efed33d\" data-element_type=\"column\">\n\t\t\t<div class=\"elementor-widget-wrap elementor-element-populated\">\n\t\t\t\t\t\t<div class=\"elementor-element elementor-element-f3267dc jltma-glass-effect-no elementor-widget elementor-widget-image\" data-id=\"f3267dc\" data-element_type=\"widget\" data-widget_type=\"image.default\">\n\t\t\t\t<div class=\"elementor-widget-container\">\n\t\t\t\t\t\t\t\t\t\t\t\t\t\t<a href=\"https:\/\/plusbank.pl\/\" target=\"_blank\" rel=\"nofollow\">\n\t\t\t\t\t\t\t<img loading=\"lazy\" decoding=\"async\" width=\"150\" height=\"29\" src=\"http:\/\/zastrzegam.pl\/wp-content\/uploads\/2021\/12\/plus.bank_.png\" class=\"elementor-animation-grow attachment-large size-large wp-image-345\" alt=\"\" \/>\t\t\t\t\t\t\t\t<\/a>\n\t\t\t\t\t\t\t\t\t\t\t\t\t<\/div>\n\t\t\t\t<\/div>\n\t\t\t\t\t<\/div>\n\t\t<\/div>\n\t\t\t\t<div class=\"has_ma_el_bg_slider elementor-column elementor-col-12 elementor-top-column elementor-element elementor-element-575dc49 jltma-glass-effect-no\" data-id=\"575dc49\" data-element_type=\"column\">\n\t\t\t<div class=\"elementor-widget-wrap elementor-element-populated\">\n\t\t\t\t\t\t<div class=\"elementor-element elementor-element-e819289 jltma-glass-effect-no elementor-widget elementor-widget-image\" data-id=\"e819289\" data-element_type=\"widget\" data-widget_type=\"image.default\">\n\t\t\t\t<div class=\"elementor-widget-container\">\n\t\t\t\t\t\t\t\t\t\t\t\t\t\t<a href=\"https:\/\/www.santander.pl\/klient-indywidualny\" target=\"_blank\" rel=\"nofollow\">\n\t\t\t\t\t\t\t<img loading=\"lazy\" decoding=\"async\" width=\"150\" height=\"39\" src=\"http:\/\/zastrzegam.pl\/wp-content\/uploads\/2021\/12\/sb.png\" class=\"elementor-animation-grow attachment-large size-large wp-image-344\" alt=\"\" \/>\t\t\t\t\t\t\t\t<\/a>\n\t\t\t\t\t\t\t\t\t\t\t\t\t<\/div>\n\t\t\t\t<\/div>\n\t\t\t\t\t<\/div>\n\t\t<\/div>\n\t\t\t\t<div class=\"has_ma_el_bg_slider elementor-column elementor-col-12 elementor-top-column elementor-element elementor-element-7434cd6 jltma-glass-effect-no\" data-id=\"7434cd6\" data-element_type=\"column\">\n\t\t\t<div class=\"elementor-widget-wrap elementor-element-populated\">\n\t\t\t\t\t\t<div class=\"elementor-element elementor-element-c25e9a5 jltma-glass-effect-no elementor-widget elementor-widget-image\" data-id=\"c25e9a5\" data-element_type=\"widget\" data-widget_type=\"image.default\">\n\t\t\t\t<div class=\"elementor-widget-container\">\n\t\t\t\t\t\t\t\t\t\t\t\t\t\t<a href=\"https:\/\/www.santanderconsumer.pl\/\" target=\"_blank\" rel=\"nofollow\">\n\t\t\t\t\t\t\t<img loading=\"lazy\" decoding=\"async\" width=\"150\" height=\"45\" src=\"http:\/\/zastrzegam.pl\/wp-content\/uploads\/2021\/12\/scb.png\" class=\"elementor-animation-grow attachment-large size-large wp-image-343\" alt=\"\" \/>\t\t\t\t\t\t\t\t<\/a>\n\t\t\t\t\t\t\t\t\t\t\t\t\t<\/div>\n\t\t\t\t<\/div>\n\t\t\t\t\t<\/div>\n\t\t<\/div>\n\t\t\t\t<div class=\"has_ma_el_bg_slider elementor-column elementor-col-12 elementor-top-column elementor-element elementor-element-8b504e7 jltma-glass-effect-no\" data-id=\"8b504e7\" data-element_type=\"column\">\n\t\t\t<div class=\"elementor-widget-wrap elementor-element-populated\">\n\t\t\t\t\t\t<div class=\"elementor-element elementor-element-f145417 jltma-glass-effect-no elementor-widget elementor-widget-image\" data-id=\"f145417\" data-element_type=\"widget\" data-widget_type=\"image.default\">\n\t\t\t\t<div class=\"elementor-widget-container\">\n\t\t\t\t\t\t\t\t\t\t\t\t\t\t<a href=\"https:\/\/www.sgb.pl\/\" target=\"_blank\" rel=\"nofollow\">\n\t\t\t\t\t\t\t<img loading=\"lazy\" decoding=\"async\" width=\"150\" height=\"45\" src=\"http:\/\/zastrzegam.pl\/wp-content\/uploads\/2021\/12\/sgb.png\" class=\"elementor-animation-grow attachment-large size-large wp-image-342\" alt=\"\" \/>\t\t\t\t\t\t\t\t<\/a>\n\t\t\t\t\t\t\t\t\t\t\t\t\t<\/div>\n\t\t\t\t<\/div>\n\t\t\t\t\t<\/div>\n\t\t<\/div>\n\t\t\t\t<div class=\"has_ma_el_bg_slider elementor-column elementor-col-12 elementor-top-column elementor-element elementor-element-2d91e6a jltma-glass-effect-no\" data-id=\"2d91e6a\" data-element_type=\"column\">\n\t\t\t<div class=\"elementor-widget-wrap elementor-element-populated\">\n\t\t\t\t\t\t<div class=\"elementor-element elementor-element-0a5abfa jltma-glass-effect-no elementor-widget elementor-widget-image\" data-id=\"0a5abfa\" data-element_type=\"widget\" data-widget_type=\"image.default\">\n\t\t\t\t<div class=\"elementor-widget-container\">\n\t\t\t\t\t\t\t\t\t\t\t\t\t\t<a href=\"https:\/\/www.kbsbank.com.pl\/\" target=\"_blank\">\n\t\t\t\t\t\t\t<img loading=\"lazy\" decoding=\"async\" width=\"154\" height=\"40\" src=\"http:\/\/zastrzegam.pl\/wp-content\/uploads\/2024\/01\/kbs-krakowski-bank-spoldzielczy-logo-01-x40.png\" class=\"elementor-animation-grow attachment-large size-large wp-image-869\" alt=\"KBS - Krakowski Bank Sp\u00f3\u0142dzielczy\" srcset=\"http:\/\/zastrzegam.pl\/wp-content\/uploads\/2024\/01\/kbs-krakowski-bank-spoldzielczy-logo-01-x40.png 154w, http:\/\/zastrzegam.pl\/wp-content\/uploads\/2024\/01\/kbs-krakowski-bank-spoldzielczy-logo-01-x40-150x40.png 150w, http:\/\/zastrzegam.pl\/wp-content\/uploads\/2024\/01\/kbs-krakowski-bank-spoldzielczy-logo-01-x40-18x5.png 18w\" sizes=\"(max-width: 154px) 100vw, 154px\" \/>\t\t\t\t\t\t\t\t<\/a>\n\t\t\t\t\t\t\t\t\t\t\t\t\t<\/div>\n\t\t\t\t<\/div>\n\t\t\t\t\t<\/div>\n\t\t<\/div>\n\t\t\t\t\t<\/div>\n\t\t<\/section>\n\t\t\t\t<\/div>","protected":false},"excerpt":{"rendered":"<p>Uczestnicy Systemu Zastrzegania Kart Uczestnikami Systemu s\u0105 nast\u0119puj\u0105ce Banki oraz oddzia\u0142y instytucji kredytowych.<\/p>","protected":false},"author":4,"featured_media":0,"parent":0,"menu_order":0,"comment_status":"closed","ping_status":"closed","template":"","meta":{"footnotes":""},"class_list":["post-27","page","type-page","status-publish","hentry"],"_links":{"self":[{"href":"http:\/\/zastrzegam.pl\/uk\/wp-json\/wp\/v2\/pages\/27","targetHints":{"allow":["GET"]}}],"collection":[{"href":"http:\/\/zastrzegam.pl\/uk\/wp-json\/wp\/v2\/pages"}],"about":[{"href":"http:\/\/zastrzegam.pl\/uk\/wp-json\/wp\/v2\/types\/page"}],"author":[{"embeddable":true,"href":"http:\/\/zastrzegam.pl\/uk\/wp-json\/wp\/v2\/users\/4"}],"replies":[{"embeddable":true,"href":"http:\/\/zastrzegam.pl\/uk\/wp-json\/wp\/v2\/comments?post=27"}],"version-history":[{"count":109,"href":"http:\/\/zastrzegam.pl\/uk\/wp-json\/wp\/v2\/pages\/27\/revisions"}],"predecessor-version":[{"id":881,"href":"http:\/\/zastrzegam.pl\/uk\/wp-json\/wp\/v2\/pages\/27\/revisions\/881"}],"wp:attachment":[{"href":"http:\/\/zastrzegam.pl\/uk\/wp-json\/wp\/v2\/media?parent=27"}],"curies":[{"name":"wp","href":"https:\/\/api.w.org\/{rel}","templated":true}]}}